{"id":146,"date":"2025-07-22T18:29:39","date_gmt":"2025-07-22T16:29:39","guid":{"rendered":"http:\/\/astroclics.fr\/?page_id=146"},"modified":"2025-07-24T22:04:06","modified_gmt":"2025-07-24T20:04:06","slug":"en-savoir","status":"publish","type":"page","link":"https:\/\/astroclics.fr\/index.php\/en-savoir\/","title":{"rendered":"En savoir +"},"content":{"rendered":"\n<p><mark style=\"background-color:rgba(0, 0, 0, 0);color:#abb8c3\" class=\"has-inline-color\">Les n\u00e9buleuses sont de vastes nuages de gaz et de poussi\u00e8res interstellaires, v\u00e9ritables laboratoires du cosmos. Leur nom, issu du latin <em>nebula<\/em> signifiant \u00ab nuage \u00bb, d\u00e9crit parfaitement leur nature diffuse et \u00e9vanescente. Certaines brillent intens\u00e9ment dans le ciel, d\u2019autres restent invisibles \u00e0 l\u2019\u0153il nu mais se r\u00e9v\u00e8lent \u00e0 travers les longues poses photographiques. Leur r\u00f4le dans l\u2019univers est fondamental : elles participent \u00e0 la naissance, \u00e0 la vie et \u00e0 la mort des \u00e9toiles.<\/mark><\/p>\n\n\n\n<p><mark style=\"background-color:rgba(0, 0, 0, 0);color:#abb8c3\" class=\"has-inline-color\">Compos\u00e9es principalement d\u2019hydrog\u00e8ne et d\u2019h\u00e9lium, les n\u00e9buleuses contiennent aussi des \u00e9l\u00e9ments plus lourds comme l\u2019oxyg\u00e8ne, l\u2019azote ou le soufre. Ces gaz peuvent \u00eatre chauff\u00e9s, r\u00e9fl\u00e9chis ou absorb\u00e9s, ce qui leur donne des couleurs vari\u00e9es, visibles sur les images captur\u00e9es avec des filtres sp\u00e9cifiques.<\/mark><\/p>\n\n\n\n<p><mark style=\"background-color:rgba(0, 0, 0, 0);color:#abb8c3\" class=\"has-inline-color\">Il existe diff\u00e9rents types de n\u00e9buleuses. Les n\u00e9buleuses d\u2019\u00e9mission, comme la c\u00e9l\u00e8bre n\u00e9buleuse d\u2019Orion, brillent gr\u00e2ce \u00e0 l\u2019ionisation du gaz provoqu\u00e9e par des \u00e9toiles jeunes et chaudes. Elles pr\u00e9sentent souvent une teinte rouge caract\u00e9ristique due \u00e0 l\u2019hydrog\u00e8ne. D\u2019autres, comme la n\u00e9buleuse des Pl\u00e9iades, sont des n\u00e9buleuses par r\u00e9flexion : elles ne brillent pas d\u2019elles-m\u00eames mais renvoient la lumi\u00e8re des \u00e9toiles proches, apparaissant g\u00e9n\u00e9ralement en bleu.<\/mark><\/p>\n\n\n\n<p><mark style=\"background-color:rgba(0, 0, 0, 0);color:#abb8c3\" class=\"has-inline-color\">Certaines n\u00e9buleuses, \u00e0 l\u2019inverse, ne laissent passer aucune lumi\u00e8re. Ce sont les n\u00e9buleuses obscures, faites de poussi\u00e8res si denses qu\u2019elles bloquent la lumi\u00e8re des \u00e9toiles situ\u00e9es derri\u00e8re. C\u2019est dans ces zones sombres, comme la n\u00e9buleuse de la T\u00eate de Cheval ou la n\u00e9buleuse de la Pipe, que naissent souvent de nouvelles \u00e9toiles, bien \u00e0 l\u2019abri dans leur cocon de gaz froid.<\/mark><\/p>\n\n\n\n<p><mark style=\"background-color:rgba(0, 0, 0, 0);color:#abb8c3\" class=\"has-inline-color\">Il existe aussi des n\u00e9buleuses dites plan\u00e9taires, bien qu\u2019elles n\u2019aient aucun lien avec les plan\u00e8tes. Il s\u2019agit des enveloppes de gaz expuls\u00e9es par des \u00e9toiles de type solaire en fin de vie, laissant derri\u00e8re elles une naine blanche au centre. Ces n\u00e9buleuses, comme la n\u00e9buleuse de la Lyre ou celle de l\u2019H\u00e9lice, pr\u00e9sentent des formes circulaires \u00e9tonnamment sym\u00e9triques.<\/mark><\/p>\n\n\n\n<p><mark style=\"background-color:rgba(0, 0, 0, 0);color:#abb8c3\" class=\"has-inline-color\">Enfin, les r\u00e9manents de supernova sont des n\u00e9buleuses issues de l\u2019explosion cataclysmique d\u2019\u00e9toiles massives. Les d\u00e9bris sont projet\u00e9s dans l\u2019espace \u00e0 grande vitesse, cr\u00e9ant des structures complexes et filamenteuses, comme dans le cas de la n\u00e9buleuse du Crabe ou de la n\u00e9buleuse du Voile.<\/mark><\/p>\n\n\n\n<p><mark style=\"background-color:rgba(0, 0, 0, 0);color:#abb8c3\" class=\"has-inline-color\">L\u2019observation et la photographie de ces objets c\u00e9lestes sont un d\u00e9fi passionnant pour les astronomes amateurs. Capturer leur beaut\u00e9 n\u00e9cessite de la patience, du mat\u00e9riel adapt\u00e9 et souvent de longues heures d\u2019exposition. Mais le r\u00e9sultat en vaut la peine : chaque n\u00e9buleuse photographi\u00e9e est une fen\u00eatre ouverte sur les processus fondamentaux qui r\u00e9gissent notre univers.<\/mark><\/p>\n\n\n\n<div class=\"wp-block-buttons is-layout-flex wp-block-buttons-is-layout-flex\">\n<div class=\"wp-block-button\"><a class=\"wp-block-button__link wp-element-button\" href=\"https:\/\/astroclics.fr\/index.php\/en-savoir-2\/\">En savoir ++<\/a><\/div>\n<\/div>\n\n\n\n<p><\/p>\n","protected":false},"excerpt":{"rendered":"<p>Les n\u00e9buleuses sont de vastes nuages de gaz et de poussi\u00e8res interstellaires, v\u00e9ritables laboratoires du cosmos. Leur nom, issu du latin nebula signifiant \u00ab nuage \u00bb, d\u00e9crit parfaitement leur nature diffuse et \u00e9vanescente. Certaines brillent intens\u00e9ment dans le ciel, d\u2019autres restent invisibles \u00e0 l\u2019\u0153il nu mais se r\u00e9v\u00e8lent \u00e0 travers les longues poses photographiques. Leur [&hellip;]<\/p>\n","protected":false},"author":1,"featured_media":0,"parent":0,"menu_order":0,"comment_status":"closed","ping_status":"closed","template":"","meta":{"footnotes":""},"class_list":["post-146","page","type-page","status-publish","hentry"],"blocksy_meta":[],"_links":{"self":[{"href":"https:\/\/astroclics.fr\/index.php\/wp-json\/wp\/v2\/pages\/146","targetHints":{"allow":["GET"]}}],"collection":[{"href":"https:\/\/astroclics.fr\/index.php\/wp-json\/wp\/v2\/pages"}],"about":[{"href":"https:\/\/astroclics.fr\/index.php\/wp-json\/wp\/v2\/types\/page"}],"author":[{"embeddable":true,"href":"https:\/\/astroclics.fr\/index.php\/wp-json\/wp\/v2\/users\/1"}],"replies":[{"embeddable":true,"href":"https:\/\/astroclics.fr\/index.php\/wp-json\/wp\/v2\/comments?post=146"}],"version-history":[{"count":4,"href":"https:\/\/astroclics.fr\/index.php\/wp-json\/wp\/v2\/pages\/146\/revisions"}],"predecessor-version":[{"id":203,"href":"https:\/\/astroclics.fr\/index.php\/wp-json\/wp\/v2\/pages\/146\/revisions\/203"}],"wp:attachment":[{"href":"https:\/\/astroclics.fr\/index.php\/wp-json\/wp\/v2\/media?parent=146"}],"curies":[{"name":"wp","href":"https:\/\/api.w.org\/{rel}","templated":true}]}}