{"id":29,"date":"2025-07-22T12:17:33","date_gmt":"2025-07-22T10:17:33","guid":{"rendered":"http:\/\/192.168.1.19\/astroclics\/?page_id=29"},"modified":"2025-07-24T21:56:06","modified_gmt":"2025-07-24T19:56:06","slug":"une-camera-allsky","status":"publish","type":"page","link":"https:\/\/astroclics.fr\/index.php\/une-camera-allsky\/","title":{"rendered":"Une cam\u00e9ra Allsky"},"content":{"rendered":"\n<p><\/p>\n\n\n\n<p><\/p>\n\n\n\n<div class=\"wp-block-buttons is-layout-flex wp-block-buttons-is-layout-flex\">\n<div class=\"wp-block-button\"><a class=\"wp-block-button__link wp-element-button\" href=\"http:\/\/cam.astroclics.fr\/allsky\/\" target=\"_blank\" rel=\"noreferrer noopener\">Voir ma cam\u00e9ra en direct<\/a><\/div>\n<\/div>\n\n\n\n<p><mark style=\"background-color:rgba(0, 0, 0, 0);color:#abb8c3\" class=\"has-inline-color\">Une <strong>cam\u00e9ra allsky<\/strong> (ou <strong>cam\u00e9ra \u00ab\u00a0tout ciel\u00a0\u00bb<\/strong>) est un dispositif de prise de vue con\u00e7u pour <strong>filmer ou photographier l\u2019ensemble du ciel<\/strong>, g\u00e9n\u00e9ralement \u00e0 <strong>180\u00b0 d\u2019angle de vue<\/strong>, c\u2019est-\u00e0-dire d\u2019horizon \u00e0 horizon. Elle est principalement utilis\u00e9e pour surveiller le ciel en continu, de jour comme de nuit.<\/mark><\/p>\n\n\n\n<p><mark style=\"background-color:rgba(0, 0, 0, 0);color:#abb8c3\" class=\"has-inline-color\">Ce type de cam\u00e9ra est souvent employ\u00e9 pour d\u00e9tecter des ph\u00e9nom\u00e8nes comme les \u00e9toiles filantes, les bolides (m\u00e9t\u00e9ores tr\u00e8s lumineux), les orages, les aurores bor\u00e9ales, les passages de satellites ou encore pour observer l\u2019\u00e9volution de la couverture nuageuse.<\/mark><\/p>\n\n\n\n<p><mark style=\"background-color:rgba(0, 0, 0, 0);color:#abb8c3\" class=\"has-inline-color\">Techniquement, une cam\u00e9ra allsky est \u00e9quip\u00e9e d\u2019un objectif <strong>fisheye<\/strong> (grand angle extr\u00eame) permettant de couvrir tout le ciel en une seule prise. Elle utilise un <strong>capteur sensible \u00e0 la lumi\u00e8re<\/strong>, souvent d\u00e9riv\u00e9 des cam\u00e9ras d\u2019astronomie ou de vid\u00e9osurveillance. Le tout est plac\u00e9 dans un <strong>bo\u00eetier \u00e9tanche<\/strong>, parfois surmont\u00e9 d\u2019un d\u00f4me transparent, afin de r\u00e9sister aux conditions ext\u00e9rieures tout en conservant une bonne qualit\u00e9 d\u2019image.<\/mark><\/p>\n\n\n\n<p><mark style=\"background-color:rgba(0, 0, 0, 0);color:#abb8c3\" class=\"has-inline-color\">Certaines cam\u00e9ras allsky sont connect\u00e9es \u00e0 un ordinateur ou un mini-ordinateur comme un <strong>Raspberry Pi<\/strong>, avec un logiciel d\u00e9di\u00e9 (par exemple <strong>Allsky<\/strong> de Thomas Jacquin) permettant de capturer automatiquement les images, de les stocker, ou m\u00eame de les diffuser en direct sur Internet.<\/mark><\/p>\n\n\n\n<p><mark style=\"background-color:rgba(0, 0, 0, 0);color:#abb8c3\" class=\"has-inline-color\">Enfin, ces cam\u00e9ras peuvent aussi faire partie de r\u00e9seaux scientifiques collaboratifs, comme le r\u00e9seau <strong>FRIPON<\/strong> en France, destin\u00e9 \u00e0 observer les m\u00e9t\u00e9ores et reconstituer leur trajectoire dans l\u2019atmosph\u00e8re.<\/mark><\/p>\n\n\n\n<p><mark style=\"background-color:rgba(0, 0, 0, 0);color:#abb8c3\" class=\"has-inline-color\">En r\u00e9sum\u00e9, une cam\u00e9ra allsky est un outil d\u2019observation automatis\u00e9, tr\u00e8s appr\u00e9ci\u00e9 des astronomes amateurs comme des chercheurs, pour sa capacit\u00e9 \u00e0 enregistrer en continu les ph\u00e9nom\u00e8nes c\u00e9lestes sur l\u2019ensemble du ciel.<\/mark><\/p>\n\n\n\n<p><\/p>\n","protected":false},"excerpt":{"rendered":"<p>Une cam\u00e9ra allsky (ou cam\u00e9ra \u00ab\u00a0tout ciel\u00a0\u00bb) est un dispositif de prise de vue con\u00e7u pour filmer ou photographier l\u2019ensemble du ciel, g\u00e9n\u00e9ralement \u00e0 180\u00b0 d\u2019angle de vue, c\u2019est-\u00e0-dire d\u2019horizon \u00e0 horizon. Elle est principalement utilis\u00e9e pour surveiller le ciel en continu, de jour comme de nuit. Ce type de cam\u00e9ra est souvent employ\u00e9 pour [&hellip;]<\/p>\n","protected":false},"author":1,"featured_media":0,"parent":0,"menu_order":0,"comment_status":"closed","ping_status":"closed","template":"","meta":{"footnotes":""},"class_list":["post-29","page","type-page","status-publish","hentry"],"blocksy_meta":[],"_links":{"self":[{"href":"https:\/\/astroclics.fr\/index.php\/wp-json\/wp\/v2\/pages\/29","targetHints":{"allow":["GET"]}}],"collection":[{"href":"https:\/\/astroclics.fr\/index.php\/wp-json\/wp\/v2\/pages"}],"about":[{"href":"https:\/\/astroclics.fr\/index.php\/wp-json\/wp\/v2\/types\/page"}],"author":[{"embeddable":true,"href":"https:\/\/astroclics.fr\/index.php\/wp-json\/wp\/v2\/users\/1"}],"replies":[{"embeddable":true,"href":"https:\/\/astroclics.fr\/index.php\/wp-json\/wp\/v2\/comments?post=29"}],"version-history":[{"count":9,"href":"https:\/\/astroclics.fr\/index.php\/wp-json\/wp\/v2\/pages\/29\/revisions"}],"predecessor-version":[{"id":202,"href":"https:\/\/astroclics.fr\/index.php\/wp-json\/wp\/v2\/pages\/29\/revisions\/202"}],"wp:attachment":[{"href":"https:\/\/astroclics.fr\/index.php\/wp-json\/wp\/v2\/media?parent=29"}],"curies":[{"name":"wp","href":"https:\/\/api.w.org\/{rel}","templated":true}]}}