{"id":42,"date":"2025-07-22T14:35:47","date_gmt":"2025-07-22T12:35:47","guid":{"rendered":"http:\/\/astroclics.fr\/?page_id=42"},"modified":"2025-07-24T21:49:50","modified_gmt":"2025-07-24T19:49:50","slug":"galerie","status":"publish","type":"page","link":"https:\/\/astroclics.fr\/index.php\/galerie\/","title":{"rendered":"Galerie"},"content":{"rendered":"\n<div class=\"wp-block-buttons is-layout-flex wp-block-buttons-is-layout-flex\">\n<div class=\"wp-block-button\"><a class=\"wp-block-button__link wp-element-button\" href=\"https:\/\/astroclics.fr\/index.php\/des-nebuleuses\/\" target=\"_blank\" rel=\"noreferrer noopener\">Galerie des n\u00e9buleuses<\/a><\/div>\n<\/div>\n\n\n\n<p><\/p>\n\n\n\n<p><\/p>\n\n\n\n<p><mark style=\"background-color:rgba(0, 0, 0, 0);color:#abb8c3\" class=\"has-inline-color\">Bienvenue dans ma galerie<\/mark>.<br><mark style=\"background-color:rgba(0, 0, 0, 0);color:#abb8c3\" class=\"has-inline-color\">Toutes les images pr\u00e9sent\u00e9es ici ont \u00e9t\u00e9 captur\u00e9es avec du mat\u00e9riel amateur, souvent bricol\u00e9 ou optimis\u00e9 maison. Vous y trouverez principalement des n\u00e9buleuses, des champs d\u2019\u00e9toiles et des vues du ciel profond, trait\u00e9es avec patience mais sans pr\u00e9tention.<\/mark><\/p>\n\n\n\n<p><mark style=\"background-color:rgba(0, 0, 0, 0);color:#abb8c3\" class=\"has-inline-color\">Chaque photo sera accompagn\u00e9e d\u2019informations sur le mat\u00e9riel utilis\u00e9, les r\u00e9glages, et les conditions de prise de vue.<\/mark><\/p>\n\n\n\n<p><mark style=\"background-color:rgba(0, 0, 0, 0);color:#abb8c3\" class=\"has-inline-color\">L\u2019astrophotographie est pour moi un m\u00e9lange de technique, d\u2019\u00e9merveillement, et de pers\u00e9v\u00e9rance face aux caprices du ciel.<\/mark><\/p>\n\n\n\n<p><\/p>\n","protected":false},"excerpt":{"rendered":"<p>Bienvenue dans ma galerie.Toutes les images pr\u00e9sent\u00e9es ici ont \u00e9t\u00e9 captur\u00e9es avec du mat\u00e9riel amateur, souvent bricol\u00e9 ou optimis\u00e9 maison. Vous y trouverez principalement des n\u00e9buleuses, des champs d\u2019\u00e9toiles et des vues du ciel profond, trait\u00e9es avec patience mais sans pr\u00e9tention. Chaque photo sera accompagn\u00e9e d\u2019informations sur le mat\u00e9riel utilis\u00e9, les r\u00e9glages, et les conditions [&hellip;]<\/p>\n","protected":false},"author":1,"featured_media":0,"parent":0,"menu_order":0,"comment_status":"closed","ping_status":"closed","template":"","meta":{"footnotes":""},"class_list":["post-42","page","type-page","status-publish","hentry"],"blocksy_meta":[],"_links":{"self":[{"href":"https:\/\/astroclics.fr\/index.php\/wp-json\/wp\/v2\/pages\/42","targetHints":{"allow":["GET"]}}],"collection":[{"href":"https:\/\/astroclics.fr\/index.php\/wp-json\/wp\/v2\/pages"}],"about":[{"href":"https:\/\/astroclics.fr\/index.php\/wp-json\/wp\/v2\/types\/page"}],"author":[{"embeddable":true,"href":"https:\/\/astroclics.fr\/index.php\/wp-json\/wp\/v2\/users\/1"}],"replies":[{"embeddable":true,"href":"https:\/\/astroclics.fr\/index.php\/wp-json\/wp\/v2\/comments?post=42"}],"version-history":[{"count":4,"href":"https:\/\/astroclics.fr\/index.php\/wp-json\/wp\/v2\/pages\/42\/revisions"}],"predecessor-version":[{"id":199,"href":"https:\/\/astroclics.fr\/index.php\/wp-json\/wp\/v2\/pages\/42\/revisions\/199"}],"wp:attachment":[{"href":"https:\/\/astroclics.fr\/index.php\/wp-json\/wp\/v2\/media?parent=42"}],"curies":[{"name":"wp","href":"https:\/\/api.w.org\/{rel}","templated":true}]}}