{"id":55,"date":"2025-07-22T14:57:42","date_gmt":"2025-07-22T12:57:42","guid":{"rendered":"http:\/\/astroclics.fr\/?page_id=55"},"modified":"2025-07-26T07:03:39","modified_gmt":"2025-07-26T05:03:39","slug":"des-nebuleuses","status":"publish","type":"page","link":"https:\/\/astroclics.fr\/index.php\/des-nebuleuses\/","title":{"rendered":"Des n\u00e9buleuses"},"content":{"rendered":"\n<div class=\"wp-block-buttons is-layout-flex wp-block-buttons-is-layout-flex\">\n<div class=\"wp-block-button\"><a class=\"wp-block-button__link wp-element-button\" href=\"https:\/\/astroclics.fr\/index.php\/galerie-des-nebuleuses\/\" target=\"_blank\" rel=\"noreferrer noopener\">Voir la galerie des n\u00e9buleuses<\/a><\/div>\n<\/div>\n\n\n\n<p><mark style=\"background-color:rgba(0, 0, 0, 0);color:#abb8c3\" class=\"has-inline-color\">Les n\u00e9buleuses sont des nuages gigantesques de gaz et de poussi\u00e8res dans l\u2019espace, souvent les berceaux o\u00f9 naissent les \u00e9toiles. Leur beaut\u00e9 fascinante vient des formes vari\u00e9es et des couleurs \u00e9clatantes qu\u2019elles prennent gr\u00e2ce \u00e0 la lumi\u00e8re \u00e9mise ou r\u00e9fl\u00e9chie par leurs composants.<\/mark><\/p>\n\n\n\n<p><mark style=\"background-color:rgba(0, 0, 0, 0);color:#abb8c3\" class=\"has-inline-color\">On distingue plusieurs types de n\u00e9buleuses :<\/mark><\/p>\n\n\n\n<ul class=\"wp-block-list\">\n<li><mark style=\"background-color:rgba(0, 0, 0, 0);color:#abb8c3\" class=\"has-inline-color\"><strong>Les n\u00e9buleuses d\u2019\u00e9mission<\/strong>, qui brillent gr\u00e2ce \u00e0 la lumi\u00e8re d\u2019\u00e9toiles jeunes et chaudes ionisant le gaz environnant, comme la c\u00e9l\u00e8bre N\u00e9buleuse d\u2019Orion.<\/mark><\/li>\n\n\n\n<li><mark style=\"background-color:rgba(0, 0, 0, 0);color:#abb8c3\" class=\"has-inline-color\"><strong>Les n\u00e9buleuses par r\u00e9flexion<\/strong>, qui ne brillent pas par elles-m\u00eames mais refl\u00e8tent la lumi\u00e8re des \u00e9toiles proches.<\/mark><\/li>\n\n\n\n<li><mark style=\"background-color:rgba(0, 0, 0, 0);color:#abb8c3\" class=\"has-inline-color\"><strong>Les n\u00e9buleuses obscures<\/strong>, denses et sombres, qui cachent souvent des \u00e9toiles en formation derri\u00e8re elles, comme la N\u00e9buleuse de la T\u00eate de Cheval<\/mark>.<\/li>\n<\/ul>\n\n\n\n<p><mark style=\"background-color:rgba(0, 0, 0, 0);color:#abb8c3\" class=\"has-inline-color\">Observer et photographier ces merveilles du ciel profond est un d\u00e9fi passionnant pour les astrophotographes amateurs. Chaque image raconte une histoire cosmique, r\u00e9v\u00e9lant la richesse et la diversit\u00e9 de notre univers.<\/mark><\/p>\n\n\n\n<div class=\"wp-block-buttons is-layout-flex wp-block-buttons-is-layout-flex\">\n<div class=\"wp-block-button\"><a class=\"wp-block-button__link wp-element-button\" href=\"https:\/\/astroclics.fr\/index.php\/en-savoir\/\" target=\"_blank\" rel=\"noreferrer noopener nofollow\">En savoir +<\/a><\/div>\n\n\n\n<div class=\"wp-block-button\"><a class=\"wp-block-button__link wp-element-button\" href=\"https:\/\/astroclics.fr\/index.php\/en-savoir-2\/\" target=\"_blank\" rel=\"noreferrer noopener nofollow\">En savoir ++<\/a><\/div>\n<\/div>\n\n\n\n<p><\/p>\n","protected":false},"excerpt":{"rendered":"<p>Les n\u00e9buleuses sont des nuages gigantesques de gaz et de poussi\u00e8res dans l\u2019espace, souvent les berceaux o\u00f9 naissent les \u00e9toiles. Leur beaut\u00e9 fascinante vient des formes vari\u00e9es et des couleurs \u00e9clatantes qu\u2019elles prennent gr\u00e2ce \u00e0 la lumi\u00e8re \u00e9mise ou r\u00e9fl\u00e9chie par leurs composants. On distingue plusieurs types de n\u00e9buleuses : Observer et photographier ces merveilles [&hellip;]<\/p>\n","protected":false},"author":1,"featured_media":0,"parent":0,"menu_order":0,"comment_status":"closed","ping_status":"closed","template":"","meta":{"footnotes":""},"class_list":["post-55","page","type-page","status-publish","hentry"],"blocksy_meta":[],"_links":{"self":[{"href":"https:\/\/astroclics.fr\/index.php\/wp-json\/wp\/v2\/pages\/55","targetHints":{"allow":["GET"]}}],"collection":[{"href":"https:\/\/astroclics.fr\/index.php\/wp-json\/wp\/v2\/pages"}],"about":[{"href":"https:\/\/astroclics.fr\/index.php\/wp-json\/wp\/v2\/types\/page"}],"author":[{"embeddable":true,"href":"https:\/\/astroclics.fr\/index.php\/wp-json\/wp\/v2\/users\/1"}],"replies":[{"embeddable":true,"href":"https:\/\/astroclics.fr\/index.php\/wp-json\/wp\/v2\/comments?post=55"}],"version-history":[{"count":14,"href":"https:\/\/astroclics.fr\/index.php\/wp-json\/wp\/v2\/pages\/55\/revisions"}],"predecessor-version":[{"id":205,"href":"https:\/\/astroclics.fr\/index.php\/wp-json\/wp\/v2\/pages\/55\/revisions\/205"}],"wp:attachment":[{"href":"https:\/\/astroclics.fr\/index.php\/wp-json\/wp\/v2\/media?parent=55"}],"curies":[{"name":"wp","href":"https:\/\/api.w.org\/{rel}","templated":true}]}}